{"id":6609,"date":"2023-10-23T10:40:32","date_gmt":"2023-10-23T08:40:32","guid":{"rendered":"https:\/\/www.andulife.com\/allgemeine-bedingungen-und-konditionen\/"},"modified":"2023-10-23T10:40:32","modified_gmt":"2023-10-23T08:40:32","slug":"allgemeine-bedingungen-und-konditionen","status":"publish","type":"page","link":"https:\/\/www.andulife.com\/de\/allgemeine-bedingungen-und-konditionen\/","title":{"rendered":"Allgemeine Bedingungen und Konditionen"},"content":{"rendered":"<h4>Allgemeine Gesch\u00e4ftsbedingungen<\/h4>\n<p>Diese allgemeinen Gesch\u00e4ftsbedingungen beschreiben die Regeln und Vorschriften f\u00fcr die Nutzung der Website von <a href=\"https:\/\/www.companyweb.be\/nl\/0440588252\/pro-idea\" target=\"_blank\" rel=\"nofollow noopener\">Pro-Idea nv<\/a>, die unter https:\/\/www.andulife.com zu finden ist.<br \/>\nDurch den Besuch dieser Website gehen wir davon aus, dass Sie diese allgemeinen Gesch\u00e4ftsbedingungen akzeptieren. Bitte nutzen Sie andulife.com nicht weiter, wenn Sie nicht mit allen auf dieser Seite aufgef\u00fchrten Bedingungen einverstanden sind.<\/p>\n<h4>Cookies:<\/h4>\n<p>Die Website verwendet Cookies, um Ihr Online-Erlebnis pers\u00f6nlicher zu gestalten. Durch den Zugriff auf andulife.com haben Sie der Verwendung der erforderlichen Cookies zugestimmt.<br \/>\nEin Cookie ist eine Textdatei, die von einem Webserver auf Ihrer Festplatte abgelegt wird. Cookies k\u00f6nnen nicht verwendet werden, um Programme auszuf\u00fchren oder Viren auf Ihrem Computer zu platzieren. Cookies werden Ihnen eindeutig zugeordnet und k\u00f6nnen nur von einem Webserver im Domain gelesen werden, der das Cookie an Sie ausgegeben hat.<\/p>\n<p>Wir k\u00f6nnen Cookies verwenden, um Informationen zu sammeln, zu speichern und zu verfolgen, die f\u00fcr statistische oder Marketingzwecke erforderlich sind, um unsere Website zu betreiben. Sie haben die M\u00f6glichkeit, optionale Cookies zu akzeptieren oder abzulehnen. Es gibt einige erforderliche Cookies, die f\u00fcr den Betrieb unserer Website erforderlich sind. F\u00fcr diese Cookies ist Ihre Zustimmung nicht erforderlich, da sie immer funktionieren. Bitte beachten Sie, dass durch die Annahme erforderlicher Cookies auch Cookies von Drittanbietern akzeptiert werden, die \u00fcber von Dritten bereitgestellte Dienste verwendet werden k\u00f6nnen, wenn Sie solche Dienste auf unserer Website nutzen, z. B. ein in unsere Website integriertes Videoanzeigefenster von Drittanbietern.<\/p>\n<h4>Lizenz:<\/h4>\n<p>Sofern nicht anders angegeben, besitzt Pro-Idea nv und\/oder seine Lizenzgeber die geistigen Eigentumsrechte an allen Daten auf andulife.com. Alle geistigen Eigentumsrechte bleiben vorbehalten. Sie haben Zugriff auf diese von andulife.com f\u00fcr Ihre pers\u00f6nliche Nutzung, unterliegen jedoch den in diesen allgemeinen Gesch\u00e4ftsbedingungen festgelegten Einschr\u00e4nkungen.<br \/>\nSie d\u00fcrfen nicht:<\/p>\n<ul>\n<li>Material von andulife.com kopieren oder erneut ver\u00f6ffentlichen<\/li>\n<li>Material von andulife.com verkaufen, vermieten oder unterlizenzieren<\/li>\n<li>Material von andulife.com reproduzieren, duplizieren oder kopieren<\/li>\n<li>Inhalte von andulife.com umverteilen<\/li>\n<\/ul>\n<p>Diese Vereinbarung tritt an diesem Datum in Kraft.<br \/>\nTeile dieser Website bieten Benutzern die M\u00f6glichkeit, Meinungen und Informationen auf bestimmten Teilen der Website zu ver\u00f6ffentlichen und auszutauschen. Pro-Idea nv filtert, bearbeitet, ver\u00f6ffentlicht oder \u00fcberpr\u00fcft keine Kommentare, bevor sie auf der Website erscheinen. Die Kommentare spiegeln nicht die Ansichten und Meinungen von Pro-Idea nv, seinen Agenten und\/oder verbundenen Unternehmen wider. Die Kommentare spiegeln die Ansichten und Meinungen der Person wider, die ihre Ansichten und Meinungen ver\u00f6ffentlicht. Soweit gesetzlich zul\u00e4ssig, haftet Pro-Idea nv nicht f\u00fcr Kommentare oder f\u00fcr jegliche Haftung, Sch\u00e4den oder Kosten, die durch die Nutzung, Ver\u00f6ffentlichung oder das Erscheinen der Kommentare auf dieser Website verursacht oder erlitten werden.<\/p>\n<p>Pro-Idea nv beh\u00e4lt sich das Recht vor, alle Kommentare zu \u00fcberpr\u00fcfen und alle Kommentare zu entfernen, die als unangemessen oder beleidigend angesehen werden k\u00f6nnten oder gegen diese allgemeinen Gesch\u00e4ftsbedingungen versto\u00dfen.<\/p>\n<p>Sie garantieren und erkl\u00e4ren hiermit:<\/p>\n<ul>\n<li>Sie haben das Recht, Kommentare auf unserer Website zu ver\u00f6ffentlichen, und verf\u00fcgen \u00fcber alle erforderlichen Lizenzen und Genehmigungen, dies zu tun;<\/li>\n<li>Die Kommentare verletzen keine geistigen Eigentumsrechte, einschlie\u00dflich, jedoch nicht beschr\u00e4nkt auf Urheberrechte, Patente oder Markenrechte Dritter;<\/li>\n<li>Die Kommentare enthalten kein diffamierendes, beleidigendes, obsz\u00f6nes, anst\u00f6\u00dfiges oder anderweitig rechtswidriges Material, das eine Verletzung der Privatsph\u00e4re darstellt.<\/li>\n<li>Die Kommentare werden nicht verwendet, um Gesch\u00e4fts- oder benutzerdefinierte oder aktuelle kommerzielle Aktivit\u00e4ten oder illegale Aktivit\u00e4ten zu erbitten oder zu f\u00f6rdern.<\/li>\n<\/ul>\n<p>Hiermit gew\u00e4hren Sie Pro-Idea nv eine nicht-exklusive Lizenz zur Verwendung, Vervielf\u00e4ltigung, Bearbeitung und Autorisierung anderer zur Verwendung, Vervielf\u00e4ltigung und Bearbeitung Ihrer Kommentare in allen Formen, Formaten oder Medien.<\/p>\n<h4>Hyperlinks zu unseren Inhalten:<\/h4>\n<p>Die folgenden Organisationen k\u00f6nnen ohne vorherige schriftliche Genehmigung auf unsere Website verlinken:<\/p>\n<ul>\n<li>Regierungsbeh\u00f6rden;<\/li>\n<li>Suchmaschinen;<\/li>\n<li>Nachrichtenorganisationen;<\/li>\n<li>Online-Verzeichnisverteiler k\u00f6nnen auf dieselbe Weise auf unsere Website verlinken wie Hyperlinks zu den Websites anderer gelisteter Unternehmen; und<\/li>\n<li>Akkreditierte Unternehmen f\u00fcr das gesamte System, mit Ausnahme von gemeinn\u00fctzigen Organisationen, Wohlt\u00e4tigkeitsorganisationen und Fundraising-Gruppen f\u00fcr Wohlt\u00e4tigkeitsorganisationen, die keinen Hyperlink zu unserer Website haben d\u00fcrfen.<\/li>\n<\/ul>\n<p>Diese Organisationen k\u00f6nnen auf unsere Startseite, Ver\u00f6ffentlichungen oder andere Website-Informationen verlinken, solange der Link: (a) in keiner Weise irref\u00fchrend ist; (b) nicht f\u00e4lschlicherweise Sponsoring, Genehmigung oder Zustimmung der verlinkenden Partei und ihrer Produkte und\/oder Dienstleistungen impliziert; und (c) im Kontext der Website der verlinkenden Partei liegt.<br \/>\nWir k\u00f6nnen Linkanfragen von folgenden Arten von Organisationen in Betracht ziehen und genehmigen:<\/p>\n<ul>\n<li>Allgemein bekannte Informationsquellen f\u00fcr Verbraucher und\/oder Unternehmen;<\/li>\n<li>Dot.com-Community-Sites;<\/li>\n<li>Vereinigungen oder andere Gruppen, die Wohlt\u00e4tigkeitsorganisationen vertreten;<\/li>\n<li>Online-Verzeichnisverteiler;<\/li>\n<li>Internetportale;<\/li>\n<li>Wirtschaftspr\u00fcfungs-, Rechts- und Beratungsunternehmen; und<\/li>\n<li>Bildungseinrichtungen und Handelsverb\u00e4nde.<\/li>\n<\/ul>\n<p>Wir werden Linkanfragen von diesen Organisationen genehmigen, wenn wir entscheiden, dass: (a) der Link uns nicht ung\u00fcnstig erscheinen l\u00e4sst, weder f\u00fcr uns noch f\u00fcr unsere akkreditierten Unternehmen; (b) die Organisation keine negativen Daten bei uns hat; (c) der Nutzen f\u00fcr uns von der Sichtbarkeit des Hyperlinks den Mangel an Pro-Idea nv kompensiert; und (d) der Link im Kontext allgemeiner Informationsquellen steht.<br \/>\nDiese Organisationen k\u00f6nnen auf unsere Homepage verlinken, solange der Link: (a) in keiner Weise irref\u00fchrend ist; (b) keine f\u00e4lschlicherweise Sponsoring oder Genehmigung der verlinkenden Partei und ihrer Produkte oder Dienstleistungen impliziert; und (c) im Kontext der Website der verlinkenden Partei liegt.<\/p>\n<p>Wenn Sie eine der Organisationen sind, die in Absatz 2 oben genannt werden, und Interesse an einem Link zu unserer Website haben, m\u00fcssen Sie uns dies mitteilen, indem Sie eine E-Mail an Pro-Idea nv senden. Geben Sie Ihren Namen, den Namen Ihrer Organisation, Kontaktdaten sowie die URL Ihrer Website an, eine Liste aller URLs, von denen aus Sie auf unsere Website verlinken m\u00f6chten, und eine Liste der URLs auf unserer Website, auf die Sie verweisen m\u00f6chten. w\u00fcnschen zu verkn\u00fcpfen. Warten Sie 2-3 Wochen auf eine Antwort.<\/p>\n<p>Genehmigte Organisationen k\u00f6nnen einen Hyperlink zu unserer Website wie folgt erstellen:<\/p>\n<ul>\n<li>Verwendung unseres Firmennamens; oder<\/li>\n<li>Verwendung der verlinkten Uniform Resource Locator; oder<\/li>\n<li>Verwendung einer anderen Beschreibung unserer Website, auf die verlinkt wird, die im Kontext und im Format des Inhalts auf der Website der verlinkenden Partei logisch sein muss.<\/li>\n<\/ul>\n<p>Die Verwendung des Logos von Pro-Idea nv oder anderer Grafiken ist ohne Markenlizenzvereinbarung nicht gestattet.<\/p>\n<h4>Haftung f\u00fcr Inhalte:<\/h4>\n<p>Wir k\u00f6nnen nicht f\u00fcr Inhalte verantwortlich gemacht werden, die auf Ihrer Website erscheinen. Sie erkl\u00e4ren sich damit einverstanden, uns gegen alle Anspr\u00fcche zu verteidigen, die auf Ihrer Website geltend gemacht werden. Auf einer Website d\u00fcrfen keine Links erscheinen, die als diffamierend, obsz\u00f6n oder kriminell interpretiert werden k\u00f6nnen oder die eine Verletzung darstellen, anderweitig versto\u00dfen oder f\u00fcr die Verletzung oder andere Verletzungen der Rechte Dritter pl\u00e4dieren.<\/p>\n<h4>Vorbehalt von Rechten:<\/h4>\n<p>Wir behalten uns das Recht vor, die Entfernung aller Links oder eines bestimmten Links zu unserer Website anzufordern. Sie erkl\u00e4ren sich damit einverstanden, auf Anfrage alle Links zu unserer Website unverz\u00fcglich zu entfernen. Wir behalten uns auch das Recht vor, diese allgemeinen Gesch\u00e4ftsbedingungen und die Verkn\u00fcpfungsrichtlinie jederzeit zu \u00e4ndern. Durch die fortgesetzte Verkn\u00fcpfung mit unserer Website erkl\u00e4ren Sie sich damit einverstanden, an diese Verkn\u00fcpfungsbedingungen gebunden zu sein und diese einzuhalten.<\/p>\n<h4>Entfernung von Links von unserer Website:<\/h4>\n<p>Wenn Sie einen Link auf unserer Website finden, der aus irgendeinem Grund anst\u00f6\u00dfig ist, k\u00f6nnen Sie uns jederzeit kontaktieren und uns dar\u00fcber informieren. Wir werden Anfragen zur Entfernung von Links pr\u00fcfen, sind jedoch nicht verpflichtet, direkt auf Sie zu reagieren.<br \/>\nWir garantieren nicht, dass die Informationen auf dieser Website korrekt sind. Wir garantieren nicht die Vollst\u00e4ndigkeit oder Richtigkeit, noch versprechen wir, dass die Website verf\u00fcgbar bleibt oder dass das Material auf der Website auf dem neuesten Stand gehalten wird.<\/p>\n<h4>Haftungsausschluss:<\/h4>\n<p>Soweit gesetzlich zul\u00e4ssig, schlie\u00dfen wir alle Darstellungen, Garantien und Bedingungen in Bezug auf unsere Website und die Nutzung dieser Website aus. Nichts in diesem Haftungsausschluss soll: unsere oder Ihre Haftung f\u00fcr Tod oder K\u00f6rperverletzung einschr\u00e4nken oder ausschlie\u00dfen; die Beschr\u00e4nkung oder Ausschluss unserer oder Ihrer Haftung f\u00fcr Betrug oder betr\u00fcgerische Falschdarstellung; eine unserer oder Ihrer Haftungen einschr\u00e4nken auf eine Weise, die unter geltendem Recht nicht zul\u00e4ssig ist; oder eine unserer oder Ihrer Haftungen ausschlie\u00dfen, die m\u00f6glicherweise unter geltendem Recht nicht ausgeschlossen werden k\u00f6nnen.<br \/>\nDie Beschr\u00e4nkungen und Ausschl\u00fcsse von Haftungen in diesem Abschnitt und an anderer Stelle in diesem Haftungsausschluss: unterliegen dem vorherigen Absatz; und regeln alle Haftungen, die sich aus dem Haftungsausschluss ergeben, einschlie\u00dflich Haftungen, die sich aus einem Vertrag, einer unerlaubten Handlung und einer Verletzung gesetzlicher Pflichten ergeben.<\/p>\n<p>Solange die Website und die Informationen und Dienste auf der Website kostenlos angeboten werden, haften wir nicht f\u00fcr Verluste oder Sch\u00e4den jeglicher Art.<\/p>\n","protected":false},"excerpt":{"rendered":"<p>Allgemeine Gesch\u00e4ftsbedingungen Diese allgemeinen Gesch\u00e4ftsbedingungen beschreiben die Regeln und Vorschriften f\u00fcr die Nutzung der Website von Pro-Idea nv, die unter https:\/\/www.andulife.com zu finden ist. Durch den Besuch dieser Website gehen wir davon aus, dass Sie diese allgemeinen Gesch\u00e4ftsbedingungen akzeptieren. Bitte nutzen Sie andulife.com nicht weiter, wenn Sie nicht mit allen auf dieser Seite aufgef\u00fchrten Bedingungen<\/p>\n","protected":false},"author":2,"featured_media":0,"parent":0,"menu_order":0,"comment_status":"closed","ping_status":"closed","template":"","meta":{"footnotes":""},"class_list":["post-6609","page","type-page","status-publish"],"_links":{"self":[{"href":"https:\/\/www.andulife.com\/de\/wp-json\/wp\/v2\/pages\/6609","targetHints":{"allow":["GET"]}}],"collection":[{"href":"https:\/\/www.andulife.com\/de\/wp-json\/wp\/v2\/pages"}],"about":[{"href":"https:\/\/www.andulife.com\/de\/wp-json\/wp\/v2\/types\/page"}],"author":[{"embeddable":true,"href":"https:\/\/www.andulife.com\/de\/wp-json\/wp\/v2\/users\/2"}],"replies":[{"embeddable":true,"href":"https:\/\/www.andulife.com\/de\/wp-json\/wp\/v2\/comments?post=6609"}],"version-history":[{"count":0,"href":"https:\/\/www.andulife.com\/de\/wp-json\/wp\/v2\/pages\/6609\/revisions"}],"wp:attachment":[{"href":"https:\/\/www.andulife.com\/de\/wp-json\/wp\/v2\/media?parent=6609"}],"curies":[{"name":"wp","href":"https:\/\/api.w.org\/{rel}","templated":true}]}}