{"id":6610,"date":"2023-10-23T10:41:46","date_gmt":"2023-10-23T08:41:46","guid":{"rendered":"https:\/\/www.andulife.com\/ueber-uns\/"},"modified":"2024-02-06T15:27:13","modified_gmt":"2024-02-06T14:27:13","slug":"ueber-uns","status":"publish","type":"page","link":"https:\/\/www.andulife.com\/de\/ueber-uns\/","title":{"rendered":"\u00dcber uns"},"content":{"rendered":"<p>Willkommen bei Andulife.com &#8211; Ihrer vertrauensw\u00fcrdigen Quelle f\u00fcr klare, zuverl\u00e4ssige und n\u00fctzliche Gesundheitsinformationen.<\/p>\n<p>In einer Welt voller Gesundheitsmythen und falscher Informationen wurde der Bedarf an einer verl\u00e4sslichen Quelle deutlich. Deshalb haben wir Andulife.com ins Leben gerufen. Unser Ziel ist es nicht nur zu informieren, sondern Sie auch auf Ihrer Reise zum optimalen Wohlbefinden zu begleiten.<\/p>\n<h2>Unsere Verpflichtung<\/h2>\n<p>Der Grundgedanke von Andulife ist eine tiefe Verpflichtung gegen\u00fcber unseren Lesern. Wir bieten nicht nur Gesundheitsinformationen an; wir n\u00e4hren mit diesen Informationen. Egal, ob Sie eine medizinische Erkrankung verstehen m\u00f6chten, Di\u00e4tentscheidungen erkunden oder mehr \u00fcber Fitnessroutinen erfahren m\u00f6chten, wir stehen Ihnen mit klaren und zuverl\u00e4ssigen Erkenntnissen zur Seite.<\/p>\n<h2>Zusammenarbeit mit Gesundheitsexperten<\/h2>\n<p>Vertrauen ist von gr\u00f6\u00dfter Bedeutung, wenn es um Gesundheitsinformationen geht. Um Genauigkeit und Relevanz sicherzustellen, arbeiten wir mit einem Netzwerk gesch\u00e4tzter Gesundheitsfachleute zusammen. Ihre Expertise verleiht unserem Inhalt Glaubw\u00fcrdigkeit und Tiefe. Wenn Sie einen Artikel auf Andulife lesen, erhalten Sie nicht nur Informationen, sondern profitieren auch von gemeinsamer Weisheit.<\/p>\n<ul>\n<li>Zuverl\u00e4ssigkeit: Jede Information wird sorgf\u00e4ltig recherchiert und \u00fcberpr\u00fcft.<\/li>\n<li>Klarheit: Wir vereinfachen komplexe Gesundheitsthemen, damit sie f\u00fcr unsere Leser leicht verst\u00e4ndlich sind.<\/li>\n<li>Ganzheitlicher Ansatz: Wir glauben daran, den ganzen Menschen zu n\u00e4hren &#8211; Geist, K\u00f6rper und Seele. W\u00e4hrend wir weiter wachsen und uns entwickeln, bleibt unsere Verpflichtung Ihnen gegen\u00fcber unersch\u00fctterlich. Wir laden Sie ein, die F\u00fclle an Informationen zu erkunden, die hier verf\u00fcgbar sind, sich zu engagieren und sich zu st\u00e4rken.<\/li>\n<\/ul>\n<p>F\u00fcr diejenigen, die den n\u00e4chsten Schritt machen m\u00f6chten, abonnieren Sie unseren Newsletter und verpassen Sie nie die neuesten Nachrichten zu Gesundheit und Wohlbefinden.<br \/>\nGemeinsam starten wir eine Reise zu einem ges\u00fcnderen, besser informierten Leben.<\/p>\n","protected":false},"excerpt":{"rendered":"<p>Willkommen bei Andulife.com &#8211; Ihrer vertrauensw\u00fcrdigen Quelle f\u00fcr klare, zuverl\u00e4ssige und n\u00fctzliche Gesundheitsinformationen. In einer Welt voller Gesundheitsmythen und falscher Informationen wurde der Bedarf an einer verl\u00e4sslichen Quelle deutlich. Deshalb haben wir Andulife.com ins Leben gerufen. Unser Ziel ist es nicht nur zu informieren, sondern Sie auch auf Ihrer Reise zum optimalen Wohlbefinden zu begleiten.<\/p>\n","protected":false},"author":2,"featured_media":0,"parent":0,"menu_order":0,"comment_status":"closed","ping_status":"closed","template":"","meta":{"footnotes":""},"class_list":["post-6610","page","type-page","status-publish"],"_links":{"self":[{"href":"https:\/\/www.andulife.com\/de\/wp-json\/wp\/v2\/pages\/6610","targetHints":{"allow":["GET"]}}],"collection":[{"href":"https:\/\/www.andulife.com\/de\/wp-json\/wp\/v2\/pages"}],"about":[{"href":"https:\/\/www.andulife.com\/de\/wp-json\/wp\/v2\/types\/page"}],"author":[{"embeddable":true,"href":"https:\/\/www.andulife.com\/de\/wp-json\/wp\/v2\/users\/2"}],"replies":[{"embeddable":true,"href":"https:\/\/www.andulife.com\/de\/wp-json\/wp\/v2\/comments?post=6610"}],"version-history":[{"count":1,"href":"https:\/\/www.andulife.com\/de\/wp-json\/wp\/v2\/pages\/6610\/revisions"}],"predecessor-version":[{"id":6611,"href":"https:\/\/www.andulife.com\/de\/wp-json\/wp\/v2\/pages\/6610\/revisions\/6611"}],"wp:attachment":[{"href":"https:\/\/www.andulife.com\/de\/wp-json\/wp\/v2\/media?parent=6610"}],"curies":[{"name":"wp","href":"https:\/\/api.w.org\/{rel}","templated":true}]}}