{"id":6616,"date":"2023-10-20T13:31:16","date_gmt":"2023-10-20T11:31:16","guid":{"rendered":"https:\/\/www.andulife.com\/datenschutzbestimmungen\/"},"modified":"2024-02-06T15:37:10","modified_gmt":"2024-02-06T14:37:10","slug":"datenschutzbestimmungen","status":"publish","type":"page","link":"https:\/\/www.andulife.com\/de\/datenschutzbestimmungen\/","title":{"rendered":"Datenschutzbestimmungen"},"content":{"rendered":"\n<h4 class=\"wp-block-heading\">Datenschutzbestimmungen<\/h4>\n\n<p>Die Website Andulife.com ist Eigentum von Pro-Idea nv, einem f\u00fcr die Verarbeitung Ihrer pers\u00f6nlichen Daten Verantwortlichen.<\/p>\n\n<p>Wir haben diese Datenschutzrichtlinie angenommen, die regelt, wie wir die von andulife.com gesammelten Informationen verarbeiten, und die auch die Gr\u00fcnde darlegt, warum wir bestimmte pers\u00f6nliche Daten \u00fcber Sie sammeln m\u00fcssen. Daher sollten Sie diese Datenschutzrichtlinie lesen, bevor Sie die Website von andulife.com nutzen.<\/p>\n\n<p>Wir k\u00fcmmern uns um Ihre pers\u00f6nlichen Daten und sorgen f\u00fcr deren Vertraulichkeit und Sicherheit.<\/p>\n\n<h4 class=\"wp-block-heading\">Pers\u00f6nliche Informationen, die wir sammeln:<\/h4>\n\n<p>Wenn Sie andulife.com besuchen, erfassen wir automatisch bestimmte Informationen \u00fcber Ihr Ger\u00e4t, einschlie\u00dflich Informationen \u00fcber Ihren Webbrowser, Ihre IP-Adresse, Ihre Zeitzone und einige der auf Ihrem Ger\u00e4t installierten Cookies. Wenn Sie auf der Website surfen, erfassen wir au\u00dferdem Informationen \u00fcber die einzelnen Webseiten oder Produkte, die Sie sich ansehen, welche Websites oder Suchbegriffe Sie auf die Website verwiesen haben und wie Sie mit der Website interagieren. Wir bezeichnen diese automatisch erfassten Informationen als &#8222;Ger\u00e4tedaten&#8220;. Dar\u00fcber hinaus k\u00f6nnen wir die personenbezogenen Daten, die Sie uns bei der Registrierung zur Verf\u00fcgung stellen (einschlie\u00dflich Vor- und Nachname, Adresse, Zahlungsinformationen usw.), erfassen, um den Vertrag zu erf\u00fcllen.<\/p>\n\n<h4 class=\"wp-block-heading\">Warum verarbeiten wir Ihre Daten?<\/h4>\n\n<p>Die Sicherheit der Kundendaten hat f\u00fcr uns oberste Priorit\u00e4t. Daher k\u00f6nnen wir nur ein Minimum an Nutzerdaten verarbeiten, n\u00e4mlich nur so viel, wie f\u00fcr die Aufrechterhaltung der Website unbedingt erforderlich ist. Die automatisch gesammelten Informationen werden nur verwendet, um m\u00f6gliche Missbrauchsf\u00e4lle zu identifizieren und um statistische Informationen \u00fcber die Nutzung der Website zu erstellen. Diese statistischen Informationen werden nicht in einer Weise zusammengefasst, dass sie einen bestimmten Nutzer des Systems identifizieren k\u00f6nnten.<\/p>\n\n<p>Sie k\u00f6nnen die Website besuchen, ohne uns mitzuteilen, wer Sie sind, oder Informationen preiszugeben, die es jemandem erm\u00f6glichen w\u00fcrden, Sie als eine bestimmte, identifizierbare Person zu identifizieren. Wenn Sie jedoch einige Funktionen der Website nutzen, unseren Newsletter erhalten oder andere Angaben in einem Formular machen m\u00f6chten, k\u00f6nnen Sie uns personenbezogene Daten wie Ihre E-Mail-Adresse, Ihren Vor- und Nachnamen, Ihren Wohnort, Ihre Organisation und Ihre Telefonnummer mitteilen. Sie k\u00f6nnen sich daf\u00fcr entscheiden, keine personenbezogenen Daten anzugeben, aber dann k\u00f6nnen Sie m\u00f6glicherweise einige Funktionen der Website nicht nutzen. So k\u00f6nnen Sie zum Beispiel unseren Newsletter nicht erhalten oder uns direkt von der Website aus kontaktieren. Benutzer, die sich nicht sicher sind, welche Informationen erforderlich sind, k\u00f6nnen uns unter hello@andulife.com kontaktieren.<\/p>\n\n<h4 class=\"wp-block-heading\">Ihre Rechte:<\/h4>\n\n<p>Wenn Sie aus Europa kommen, haben Sie die folgenden Rechte in Bezug auf Ihre personenbezogenen Daten:<\/p>\n\n<ul class=\"wp-block-list\">\n<li>Das Recht, informiert zu werden.<\/li>\n\n\n\n<li>Recht auf Zugang.<\/li>\n\n\n\n<li>Recht auf Berichtigung.<\/li>\n\n\n\n<li>Recht zum L\u00f6schen.<\/li>\n\n\n\n<li>Recht auf Einschr\u00e4nkung der Verarbeitung.<\/li>\n\n\n\n<li>Das Recht auf Daten\u00fcbertragbarkeit.<\/li>\n\n\n\n<li>Das Recht auf Widerspruch.<\/li>\n\n\n\n<li>Rechte im Zusammenhang mit der automatisierten Entscheidungsfindung und dem Profiling.<\/li>\n<\/ul>\n\n<p>Wenn Sie von diesem Recht Gebrauch machen m\u00f6chten, wenden Sie sich bitte an uns unter den unten angegebenen Kontaktdaten.<\/p>\n\n<p>Wenn Sie aus Europa kommen, weisen wir darauf hin, dass wir Ihre Daten zur Erf\u00fcllung von Vertr\u00e4gen verarbeiten, die wir mit Ihnen geschlossen haben (z. B. wenn Sie eine Bestellung \u00fcber die Website aufgeben), oder um unsere oben genannten legitimen Gesch\u00e4ftsinteressen zu verfolgen. Bitte beachten Sie au\u00dferdem, dass Ihre Daten au\u00dferhalb Europas, einschlie\u00dflich Kanada und den Vereinigten Staaten, \u00fcbermittelt werden k\u00f6nnen.<\/p>\n\n<h4 class=\"wp-block-heading\">Links zu anderen Websites:<\/h4>\n\n<p>Unsere Website kann Links zu anderen Websites enthalten, die sich nicht in unserem Besitz befinden oder von uns betrieben werden. Bitte beachten Sie, dass wir f\u00fcr solche anderen Websites oder die Datenschutzpraktiken Dritter nicht verantwortlich sind. Wir empfehlen Ihnen, sich dessen bewusst zu sein, wenn Sie unsere Website verlassen, und die Datenschutzerkl\u00e4rungen jeder Website zu lesen, die personenbezogene Daten erfassen kann.<\/p>\n\n<h4 class=\"wp-block-heading\">Informationssicherheit:<\/h4>\n\n<p>Wir sichern die von Ihnen zur Verf\u00fcgung gestellten Informationen auf Computerservern in einer kontrollierten, sicheren Umgebung, die vor unbefugtem Zugriff, Verwendung oder Offenlegung gesch\u00fctzt ist. Wir treffen angemessene verwaltungstechnische, technische und physische Vorkehrungen, um Sie vor unbefugtem Zugriff, unbefugter Nutzung, Ver\u00e4nderung und Weitergabe der von uns kontrollierten und verwahrten personenbezogenen Daten zu sch\u00fctzen. Eine Daten\u00fcbertragung \u00fcber das Internet oder drahtlose Netzwerke kann jedoch nicht garantiert werden.<\/p>\n\n<h4 class=\"wp-block-heading\">Rechtliche Offenlegung:<\/h4>\n\n<p>Wir werden alle Informationen, die wir sammeln, verwenden oder erhalten, offenlegen, wenn dies gesetzlich vorgeschrieben oder erlaubt ist, z. B. um einer Vorladung oder einem \u00e4hnlichen rechtlichen Verfahren nachzukommen, und wenn wir in gutem Glauben davon ausgehen, dass die Offenlegung notwendig ist, um unsere Rechte zu sch\u00fctzen, Ihre Sicherheit oder die Sicherheit anderer zu sch\u00fctzen, Betrug zu untersuchen oder auf eine beh\u00f6rdliche Anfrage zu reagieren.<\/p>\n\n<h4 class=\"wp-block-heading\">Kontaktinformationen:<\/h4>\n\n<p>Wenn Sie sich mit uns in Verbindung setzen m\u00f6chten, um mehr \u00fcber diese Politik zu erfahren, oder wenn Sie sich mit uns in einer Angelegenheit in Verbindung setzen m\u00f6chten, die Ihre individuellen Rechte und Ihre pers\u00f6nlichen Daten betrifft, senden Sie bitte eine E-Mail an hello@andulife.com.<\/p>\n","protected":false},"excerpt":{"rendered":"<p>Datenschutzbestimmungen Die Website Andulife.com ist Eigentum von Pro-Idea nv, einem f\u00fcr die Verarbeitung Ihrer pers\u00f6nlichen Daten Verantwortlichen. Wir haben diese Datenschutzrichtlinie angenommen, die regelt, wie wir die von andulife.com gesammelten Informationen verarbeiten, und die auch die Gr\u00fcnde darlegt, warum wir bestimmte pers\u00f6nliche Daten \u00fcber Sie sammeln m\u00fcssen. Daher sollten Sie diese Datenschutzrichtlinie lesen, bevor Sie<\/p>\n","protected":false},"author":1,"featured_media":0,"parent":0,"menu_order":0,"comment_status":"closed","ping_status":"closed","template":"","meta":{"footnotes":""},"class_list":["post-6616","page","type-page","status-publish"],"_links":{"self":[{"href":"https:\/\/www.andulife.com\/de\/wp-json\/wp\/v2\/pages\/6616","targetHints":{"allow":["GET"]}}],"collection":[{"href":"https:\/\/www.andulife.com\/de\/wp-json\/wp\/v2\/pages"}],"about":[{"href":"https:\/\/www.andulife.com\/de\/wp-json\/wp\/v2\/types\/page"}],"author":[{"embeddable":true,"href":"https:\/\/www.andulife.com\/de\/wp-json\/wp\/v2\/users\/1"}],"replies":[{"embeddable":true,"href":"https:\/\/www.andulife.com\/de\/wp-json\/wp\/v2\/comments?post=6616"}],"version-history":[{"count":1,"href":"https:\/\/www.andulife.com\/de\/wp-json\/wp\/v2\/pages\/6616\/revisions"}],"predecessor-version":[{"id":6617,"href":"https:\/\/www.andulife.com\/de\/wp-json\/wp\/v2\/pages\/6616\/revisions\/6617"}],"wp:attachment":[{"href":"https:\/\/www.andulife.com\/de\/wp-json\/wp\/v2\/media?parent=6616"}],"curies":[{"name":"wp","href":"https:\/\/api.w.org\/{rel}","templated":true}]}}