{"id":6618,"date":"2023-10-23T10:39:05","date_gmt":"2023-10-23T08:39:05","guid":{"rendered":"https:\/\/www.andulife.com\/cookie-richtlinie\/"},"modified":"2024-02-06T15:38:45","modified_gmt":"2024-02-06T14:38:45","slug":"cookie-richtlinie","status":"publish","type":"page","link":"https:\/\/www.andulife.com\/de\/cookie-richtlinie\/","title":{"rendered":"Cookie-Richtlinie"},"content":{"rendered":"<style>\n    a.cky-banner-element {\n        padding: 8px 30px;\n        background: #F8F9FA;\n        color: #858A8F;\n        border: 1px solid #DEE2E6;\n        box-sizing: border-box;\n        border-radius: 2px;\n        cursor: pointer;\n    }\n<\/style>\n<p>Zuletzt aktualisiert: 01\/11\/2023<\/p>\n<h5>Was sind Cookies?<\/h5>\n<div class=\"cookie-policy-p\">\nDiese Cookie-Richtlinie erkl\u00e4rt, was Cookies sind und wie wir sie verwenden, die Arten von Cookies, die wir verwenden, d.h. die Informationen, die wir mit Cookies sammeln und wie diese Informationen verwendet werden, und wie Sie die Cookie-Einstellungen verwalten k\u00f6nnen.<\/p>\n<p>Cookies sind kleine Textdateien, die verwendet werden, um kleine Informationsst\u00fccke zu speichern. Sie werden auf Ihrem Ger\u00e4t gespeichert, wenn die Website in Ihrem Browser geladen wird. Diese Cookies helfen uns, die Website ordnungsgem\u00e4\u00df zu betreiben, sie sicherer zu machen, eine bessere Benutzererfahrung zu bieten und zu verstehen, wie die Website funktioniert und zu analysieren, was funktioniert und wo Verbesserungen erforderlich sind.<\/p>\n<\/div>\n<h5>Wie verwenden wir Cookies?<\/h5>\n<div class=\"cookie-policy-p\">\nWie die meisten Online-Dienste verwenden unsere Website First-Party- und Third-Party-Cookies f\u00fcr verschiedene Zwecke. First-Party-Cookies sind haupts\u00e4chlich erforderlich, damit die Website ordnungsgem\u00e4\u00df funktioniert, und sie sammeln keine Ihrer pers\u00f6nlich identifizierbaren Daten.<\/p>\n<p>Die Third-Party-Cookies, die auf unserer Website verwendet werden, dienen haupts\u00e4chlich dazu, zu verstehen, wie die Website funktioniert, wie Sie mit unserer Website interagieren, unsere Dienste sicher zu halten, Ihnen relevante Werbung anzubieten und insgesamt eine bessere und verbesserte Benutzererfahrung zu bieten und Ihnen zu helfen, Ihre zuk\u00fcnftigen Interaktionen mit unserer Website zu beschleunigen.<\/p>\n<\/div>\n<h5>Arten von Cookies, die wir verwenden<\/h5>\n<div class=\"cky-audit-table-element\"><\/div>\n<h5 style=\"margin-bottom: 20px;\">Verwalten Sie Cookie-Einstellungen<\/h5>\n<p><a class=\"cky-banner-element\">Cookie-Einstellungen<\/a><\/p>\n<div>\nSie k\u00f6nnen Ihre Cookie-Einstellungen jederzeit \u00e4ndern, indem Sie auf die obige Schaltfl\u00e4che klicken. Dadurch k\u00f6nnen Sie das Cookie-Zustimmungsbanner erneut aufrufen und Ihre Einstellungen \u00e4ndern oder Ihre Zustimmung direkt widerrufen.<\/p>\n<p>Dar\u00fcber hinaus bieten verschiedene Browser verschiedene Methoden zum Blockieren und L\u00f6schen von Cookies, die von Websites verwendet werden. Sie k\u00f6nnen die Einstellungen Ihres Browsers \u00e4ndern, um Cookies zu blockieren\/l\u00f6schen. Unten finden Sie Links zu den Support-Dokumenten, wie Sie Cookies von den wichtigsten Webbrowsern verwalten und l\u00f6schen k\u00f6nnen.<\/p>\n<p>Chrome: <a href=\"https:\/\/support.google.com\/accounts\/answer\/32050\" target=\"_blank\" rel=\"noopener\">https:\/\/support.google.com\/accounts\/answer\/32050<\/a><\/p>\n<p>Safari: <a href=\"https:\/\/support.apple.com\/nl-nl\/guide\/safari\/sfri11471\/mac\" target=\"_blank\" rel=\"noopener\">https:\/\/support.apple.com\/nl-nl\/guide\/safari\/sfri11471\/mac<\/a><\/p>\n<p>Firefox: <a href=\"https:\/\/support.mozilla.org\/nl\/kb\/cookies-informatie-websites-op-uw-computer-opslaan?redirectslug=cookies-verwijderen-gegevens-die-websites-op-uw-computer-hebben-opgeslagen&amp;redirectlocale=nl\" target=\"_blank\" rel=\"noopener\">https:\/\/support.mozilla.org\/nl\/kb\/cookies-informatie-websites-op-uw-computer-opslaan<\/a><\/p>\n<p>Internet Explorer: <a href=\"https:\/\/support.microsoft.com\/nl-nl\/topic\/het-verwijderen-van-cookiebestanden-in-internet-explorer-bca9446f-d873-78de-77ba-d42645fa52fc\" target=\"_blank\" rel=\"noopener\">https:\/\/support.microsoft.com\/nl-nl\/topic\/het-verwijderen-van-cookiebestanden-in-internet-explorer-bca9446f-d873-78de-77ba-d42645fa52fc<\/a><\/p>\n<p>Wenn Sie einen anderen Webbrowser verwenden, besuchen Sie bitte die offiziellen Support-Dokumente Ihres Browsers.<\/p>\n<\/div>\n","protected":false},"excerpt":{"rendered":"<p>Zuletzt aktualisiert: 01\/11\/2023 Was sind Cookies? Diese Cookie-Richtlinie erkl\u00e4rt, was Cookies sind und wie wir sie verwenden, die Arten von Cookies, die wir verwenden, d.h. die Informationen, die wir mit Cookies sammeln und wie diese Informationen verwendet werden, und wie Sie die Cookie-Einstellungen verwalten k\u00f6nnen. Cookies sind kleine Textdateien, die verwendet werden, um kleine Informationsst\u00fccke<\/p>\n","protected":false},"author":2,"featured_media":0,"parent":0,"menu_order":0,"comment_status":"closed","ping_status":"closed","template":"","meta":{"footnotes":""},"class_list":["post-6618","page","type-page","status-publish"],"_links":{"self":[{"href":"https:\/\/www.andulife.com\/de\/wp-json\/wp\/v2\/pages\/6618","targetHints":{"allow":["GET"]}}],"collection":[{"href":"https:\/\/www.andulife.com\/de\/wp-json\/wp\/v2\/pages"}],"about":[{"href":"https:\/\/www.andulife.com\/de\/wp-json\/wp\/v2\/types\/page"}],"author":[{"embeddable":true,"href":"https:\/\/www.andulife.com\/de\/wp-json\/wp\/v2\/users\/2"}],"replies":[{"embeddable":true,"href":"https:\/\/www.andulife.com\/de\/wp-json\/wp\/v2\/comments?post=6618"}],"version-history":[{"count":1,"href":"https:\/\/www.andulife.com\/de\/wp-json\/wp\/v2\/pages\/6618\/revisions"}],"predecessor-version":[{"id":6619,"href":"https:\/\/www.andulife.com\/de\/wp-json\/wp\/v2\/pages\/6618\/revisions\/6619"}],"wp:attachment":[{"href":"https:\/\/www.andulife.com\/de\/wp-json\/wp\/v2\/media?parent=6618"}],"curies":[{"name":"wp","href":"https:\/\/api.w.org\/{rel}","templated":true}]}}